{"id":70,"date":"2011-03-15T18:20:25","date_gmt":"2011-03-15T17:20:25","guid":{"rendered":"http:\/\/www.hebammen-rostock.de\/?page_id=70"},"modified":"2022-11-17T10:06:28","modified_gmt":"2022-11-17T09:06:28","slug":"uber-mich","status":"publish","type":"page","link":"https:\/\/www.hebammen-rostock.de\/?page_id=70","title":{"rendered":"\u00dcber mich"},"content":{"rendered":"<p><a href=\"https:\/\/www.hebammen-rostock.de\/wp-content\/uploads\/2022\/11\/IMG_2681.jpg\" rel=\"lightbox[70]\"><img decoding=\"async\" loading=\"lazy\" class=\"wp-image-329 alignright\" src=\"https:\/\/www.hebammen-rostock.de\/wp-content\/uploads\/2022\/11\/IMG_2681.jpg\" alt=\"\" width=\"215\" height=\"260\" srcset=\"https:\/\/www.hebammen-rostock.de\/wp-content\/uploads\/2022\/11\/IMG_2681.jpg 1887w, https:\/\/www.hebammen-rostock.de\/wp-content\/uploads\/2022\/11\/IMG_2681-247x300.jpg 247w, https:\/\/www.hebammen-rostock.de\/wp-content\/uploads\/2022\/11\/IMG_2681-844x1024.jpg 844w, https:\/\/www.hebammen-rostock.de\/wp-content\/uploads\/2022\/11\/IMG_2681-768x932.jpg 768w, https:\/\/www.hebammen-rostock.de\/wp-content\/uploads\/2022\/11\/IMG_2681-1266x1536.jpg 1266w, https:\/\/www.hebammen-rostock.de\/wp-content\/uploads\/2022\/11\/IMG_2681-1688x2048.jpg 1688w\" sizes=\"(max-width: 215px) 100vw, 215px\" \/><\/a><\/p>\n<p>Geboren 1973 in der Hansestadt Rostock.<\/p>\n<p>Mutter von zwei Kindern,<br \/>\nSohn (geb. 2000)\u00a0und Tochter (geb. 2006).<\/p>\n<p>Verheiratet mit Ralf Buchwald (selbsst. Trainer und Berater).<\/p>\n<p>Nach dem Abitur absolvierte ich die dreij\u00e4hrige Ausbildung an der\u00a0Universit\u00e4ts- Frauenklinik<br \/>\nzur examinierten Hebamme in Rostock.<\/p>\n<p>Anschlie\u00dfend habe ich als Hebamme im Krei\u00dfsaal des Universit\u00e4tsklinikum Hamburg-Eppendorf gearbeitet.<\/p>\n<p>1997 habe ich mich als Hebamme in Rostock niedergelassen und meine eigene Praxis\u00a0in Rostock L\u00fctten-Klein er\u00f6ffnet.<\/p>\n<p>Im Jahr 2010 habe ich die Ausbildung zur Familienhebamme erfolgreich abgeschlossen\u00a0und bin seither im Projekt &#8222;Fr\u00fche Hilfen&#8220;<br \/>\nder Hansestadt Rostock t\u00e4tig.<\/p>\n<p>Seit 2020 arbeite ich im Angestelltenverh\u00e4ltnis\u00a0auf der Entbindungsstation im Klinikum-S\u00fcdstadt in Teilzeit.<\/p>\n<p>Nebenberuflich arbeite ich weiterhin als selbst\u00e4ndige Hebamme.<\/p>\n<p>Weitere Ausbildungen: Hom\u00f6opathie, Akupunktur, Babymassage, Akutaping und Lasertherapie.<\/p>\n<p>Mein Motto:<\/p>\n<p>\u201eDie Kraft, Berge zu versetzen liegt in uns selbst\u201c (unbekannt).<\/p>\n","protected":false},"excerpt":{"rendered":"<p>Geboren 1973 in der Hansestadt Rostock. Mutter von zwei Kindern, Sohn (geb. 2000)\u00a0und Tochter (geb. 2006). Verheiratet mit Ralf Buchwald (selbsst. Trainer und Berater). Nach dem Abitur absolvierte ich die dreij\u00e4hrige Ausbildung an der\u00a0Universit\u00e4ts- Frauenklinik zur examinierten Hebamme in Rostock. Anschlie\u00dfend habe ich als Hebamme im Krei\u00dfsaal des Universit\u00e4tsklinikum Hamburg-Eppendorf gearbeitet. 1997 habe ich mich [&hellip;]<\/p>\n","protected":false},"author":1,"featured_media":0,"parent":0,"menu_order":4,"comment_status":"closed","ping_status":"closed","template":"","meta":[],"_links":{"self":[{"href":"https:\/\/www.hebammen-rostock.de\/index.php?rest_route=\/wp\/v2\/pages\/70"}],"collection":[{"href":"https:\/\/www.hebammen-rostock.de\/index.php?rest_route=\/wp\/v2\/pages"}],"about":[{"href":"https:\/\/www.hebammen-rostock.de\/index.php?rest_route=\/wp\/v2\/types\/page"}],"author":[{"embeddable":true,"href":"https:\/\/www.hebammen-rostock.de\/index.php?rest_route=\/wp\/v2\/users\/1"}],"replies":[{"embeddable":true,"href":"https:\/\/www.hebammen-rostock.de\/index.php?rest_route=%2Fwp%2Fv2%2Fcomments&post=70"}],"version-history":[{"count":7,"href":"https:\/\/www.hebammen-rostock.de\/index.php?rest_route=\/wp\/v2\/pages\/70\/revisions"}],"predecessor-version":[{"id":384,"href":"https:\/\/www.hebammen-rostock.de\/index.php?rest_route=\/wp\/v2\/pages\/70\/revisions\/384"}],"wp:attachment":[{"href":"https:\/\/www.hebammen-rostock.de\/index.php?rest_route=%2Fwp%2Fv2%2Fmedia&parent=70"}],"curies":[{"name":"wp","href":"https:\/\/api.w.org\/{rel}","templated":true}]}}