{"id":16,"date":"2011-03-14T17:11:50","date_gmt":"2011-03-14T16:11:50","guid":{"rendered":"http:\/\/www.hebammen-rostock.de\/?page_id=16"},"modified":"2022-11-13T11:40:04","modified_gmt":"2022-11-13T10:40:04","slug":"angebote","status":"publish","type":"page","link":"https:\/\/www.hebammen-rostock.de\/?page_id=16","title":{"rendered":"Angebote"},"content":{"rendered":"\n<p><strong><em>Hinweis: <\/em><\/strong><br><strong><em>Seit der Pandemie sind viele der unten aufgef\u00fchrten Punkte auch im Onlineformat <\/em><\/strong><br><strong><em>m\u00f6glich. Gerne, bei Bedarf nachfragen.<\/em><\/strong><\/p>\n\n\n<h3><a href=\"http:\/\/www.hebammen-rostock.de\/?page_id=26\" target=\"_self\" rel=\"noopener\">Hebammensprechstunde<\/a><\/h3>\n<p>Diese, die Schwangerschaft begleitenden Sprechstunden bieten die M\u00f6glichkeit, alle Fragen zur neuen Lebenssituation und zum Schwangerschaftsverlauf, Geburt und Wochenbett mit der Hebamme pers\u00f6nlich zu besprechen.<\/p>\n<h3>Geburtsvorbereitung<\/h3>\n<p>Ich biete eine individuelle Geburtsvorbereitung f\u00fcr werdende M\u00fctter &amp; V\u00e4ter an.<br \/>Zus\u00e4tzlich werden Entspannungs-, Wahrnehmungs- und K\u00f6rper\u00fcbungen angeboten.<\/p>\n<h3><a href=\"http:\/\/www.hebammen-rostock.de\/?page_id=54\" target=\"_self\" rel=\"noopener\">Wochenbettbetreuung<\/a><\/h3>\n<p>Das Wochenbett bezieht sich auf den Zeitraum von der Geburt eures Kindes bis acht Wochen danach und bei Bedarf auch dar\u00fcber hinaus. <br \/>Die Kosten werden von den Krankenkassen \u00fcbernommen.<\/p>\n<h3><a href=\"http:\/\/www.hebammen-rostock.de\/?page_id=58\" target=\"_self\" rel=\"noopener\">R\u00fcckbildungsgymnastik<\/a><\/h3>\n<p>Im Vordergrund steht, die k\u00f6rperliche Einheit wieder herzustellen und den gesamten Organismus anzuregen.<\/p>\n<h3><a href=\"http:\/\/www.hebammen-rostock.de\/?page_id=58\" target=\"_self\" rel=\"noopener\">Stillsprechstunde<\/a><\/h3>\n<p>Als erfahrene Hebamme und Stillberaterin (AFS) biete ich eine Sprechstunde rund um das Stillen f\u00fcr die gesamte Stillzeit an.<\/p>\n<h3><a href=\"http:\/\/www.hebammen-rostock.de\/?page_id=198\" target=\"_self\" rel=\"noopener\">Taping<\/a><\/h3>\n<p>Sanfte Tapes helfen wirkungsvoll bei vielen Schwangerschaftsproblemen, im Wochenbett <br \/>und in der Stillzeit. \u00a0 \u00a0 \u00a0 \u00a0 \u00a0 \u00a0 \u00a0 \u00a0 \u00a0 \u00a0 \u00a0<\/p>\n<h3><a href=\"http:\/\/www.hebammen-rostock.de\/?page_id=61\" target=\"_self\" rel=\"noopener\">Akupunktur<\/a><\/h3>\n<p>Die Akupunktur ist eine ganzheitliche Behandlungsform der Traditionellen Chinesischen Medizin (TCM). Sie wirkt regulativ, funktionelle St\u00f6rungen werden effektiv und sanft beseitigt.<\/p>\n<h3><a href=\"http:\/\/www.hebammen-rostock.de\/?page_id=65\" target=\"_self\" rel=\"noopener\">Babymassage<\/a><\/h3>\n<p>Babymassage ist eine wunderbare M\u00f6glichkeit, dem Kind nach der Geburt N\u00e4he zu vermitteln. W\u00e4hrend der Schwangerschaft erfuhr es st\u00e4ndige Ber\u00fchrung im<br \/>Mutterleib.<\/p>\n<h3><a href=\"http:\/\/www.hebammen-rostock.de\/?page_id=67\" target=\"_self\" rel=\"noopener\">Familienhebamme<\/a><\/h3>\n<p>Familienhebammen sind Hebammen mit einer Zusatzqualifikation, deren T\u00e4tigkeit die Gesunderhaltung von Mutter und Kind f\u00f6rdert.<\/p>\n<h3>\u00a0<\/h3>","protected":false},"excerpt":{"rendered":"<p>Hinweis: Seit der Pandemie sind viele der unten aufgef\u00fchrten Punkte auch im Onlineformat m\u00f6glich. Gerne, bei Bedarf nachfragen. Hebammensprechstunde Diese, die Schwangerschaft begleitenden Sprechstunden bieten die M\u00f6glichkeit, alle Fragen zur neuen Lebenssituation und zum Schwangerschaftsverlauf, Geburt und Wochenbett mit der Hebamme pers\u00f6nlich zu besprechen. Geburtsvorbereitung Ich biete eine individuelle Geburtsvorbereitung f\u00fcr werdende M\u00fctter &amp; V\u00e4ter [&hellip;]<\/p>\n","protected":false},"author":1,"featured_media":0,"parent":0,"menu_order":2,"comment_status":"closed","ping_status":"closed","template":"","meta":[],"_links":{"self":[{"href":"https:\/\/www.hebammen-rostock.de\/index.php?rest_route=\/wp\/v2\/pages\/16"}],"collection":[{"href":"https:\/\/www.hebammen-rostock.de\/index.php?rest_route=\/wp\/v2\/pages"}],"about":[{"href":"https:\/\/www.hebammen-rostock.de\/index.php?rest_route=\/wp\/v2\/types\/page"}],"author":[{"embeddable":true,"href":"https:\/\/www.hebammen-rostock.de\/index.php?rest_route=\/wp\/v2\/users\/1"}],"replies":[{"embeddable":true,"href":"https:\/\/www.hebammen-rostock.de\/index.php?rest_route=%2Fwp%2Fv2%2Fcomments&post=16"}],"version-history":[{"count":14,"href":"https:\/\/www.hebammen-rostock.de\/index.php?rest_route=\/wp\/v2\/pages\/16\/revisions"}],"predecessor-version":[{"id":356,"href":"https:\/\/www.hebammen-rostock.de\/index.php?rest_route=\/wp\/v2\/pages\/16\/revisions\/356"}],"wp:attachment":[{"href":"https:\/\/www.hebammen-rostock.de\/index.php?rest_route=%2Fwp%2Fv2%2Fmedia&parent=16"}],"curies":[{"name":"wp","href":"https:\/\/api.w.org\/{rel}","templated":true}]}}